{"id":1457,"date":"2019-10-25T23:57:22","date_gmt":"2019-10-25T21:57:22","guid":{"rendered":"http:\/\/feuerwehr-grossfischlingen.de\/?page_id=1457"},"modified":"2026-01-04T13:43:47","modified_gmt":"2026-01-04T12:43:47","slug":"dienstplan","status":"publish","type":"page","link":"https:\/\/www.feuerwehr-grossfischlingen.de\/?page_id=1457","title":{"rendered":"Dienstplan"},"content":{"rendered":"\n<p>Hier finden Sie unseren \u00dcbungsplan f\u00fcr dieses Jahr:<\/p>\n\n\n\n<figure class=\"wp-block-table is-style-stripes\"><table><thead><tr><th>Datum<\/th><th>Uhrzeit<\/th><th>Thema<\/th><th>Verantwortlicher<\/th><\/tr><\/thead><tbody><tr><td>19.01.2026<\/td><td>19:30<\/td><td>Gefahren an der Einsatzstelle<\/td><td>Doll<\/td><\/tr><tr><td>02.02.2026<\/td><td>19:30<\/td><td>Funk\u00fcbung<\/td><td>Henrich<\/td><\/tr><tr><td>16.02.2026<\/td><td>19:30<\/td><td>Knoten und Stiche<\/td><td>Doll<\/td><\/tr><tr><td>02.03.2026<\/td><td>19:30<\/td><td>Ausleuchten und Absichern von Einsatzstellen<\/td><td>Henrich<\/td><\/tr><tr><td>16.03.2026<\/td><td>19:30<\/td><td>Erste Hilfe<\/td><td>Doll<\/td><\/tr><tr><td>30.03.2026<\/td><td>19:30<\/td><td>T\u00fcr\u00f6ffnung mit Halligan-Tool<\/td><td>Henrich<\/td><\/tr><tr><td>13.04.2026<\/td><td>19:30<\/td><td>Personensuche im Innenangriff<\/td><td>Doll<\/td><\/tr><tr><td>27.04.2026<\/td><td>19:30<\/td><td>Noteinspeisung Feuerwehrhaus\/DGH<\/td><td>Henrich<\/td><\/tr><tr><td>06.05.2026<\/td><td>19:30<\/td><td>Gemeinschafts\u00fcbung mit Kleinf. und Edesheim<\/td><td>Doll<\/td><\/tr><tr><td>11.05.2026<\/td><td>19:30<\/td><td>Hohlstrahlrohrtechnik<\/td><td>Henrich<\/td><\/tr><tr><td>03.06.2026<\/td><td>18:45<\/td><td>Absperren G\u00e4ulauf<\/td><td>Feuerwehr<\/td><\/tr><tr><td>08.06.2026<\/td><td>19:30<\/td><td>Trag. Leitern (FWDV 10)<\/td><td>Doll<\/td><\/tr><tr><td>13.06.2026<\/td><td>14:00<\/td><td>Aufbau Feuerwehrfest<\/td><td>Feuerwehr<\/td><\/tr><tr><td>14.06.2026<\/td><td>10:30<\/td><td>Feuerwehrfest<\/td><td>Feuerwehr<\/td><\/tr><tr><td>22.06.2026<\/td><td>19:30<\/td><td>Feuerl\u00f6scher \/ HI-CAFS-L\u00f6scher<\/td><td>Henrich<\/td><\/tr><tr><td>06.07.2026<\/td><td>19:30<\/td><td>Einheit im L\u00f6scheinsatz \/ Besuch Kerw Kfl.<\/td><td>Doll<\/td><\/tr><tr><td>20.07.2026<\/td><td>19:30<\/td><td>Gefahrgutunfall<\/td><td>Henrich<\/td><\/tr><tr><td>03.08.2026<\/td><td>19:30<\/td><td>Notfalltraining Atemschutz<\/td><td>Doll<\/td><\/tr><tr><td>17.08.2026<\/td><td>19:30<\/td><td>Fahrzeug- und Ger\u00e4tehauspflege<\/td><td>Henrich<\/td><\/tr><tr><td>24.-27.08.2026<\/td><td>17:00<\/td><td>Kerweaufbau<\/td><td>Feuerwehr<\/td><\/tr><tr><td>28.-31.08.2026<\/td><td>&#8211;<\/td><td>Weinkerwe<\/td><td>Feuerwehr<\/td><\/tr><tr><td>01.-02.09.2026<\/td><td>09:00<\/td><td>Kerweabbau<\/td><td>Feuerwehr<\/td><\/tr><tr><td>07.09.2026<\/td><td>19:30<\/td><td>Besuch Kerwe Venningen<\/td><td>Feuerwehr<\/td><\/tr><tr><td>14.09.2025<\/td><td>19:30<\/td><td>Rettung aus H\u00f6hen und Tiefen<\/td><td>Doll<\/td><\/tr><tr><td>28.09.2026<\/td><td>19:30<\/td><td>Hydrantenpflege<\/td><td>Feuerwehr<\/td><\/tr><tr><td>12.10.2026<\/td><td>19:30<\/td><td>Hydrantenpflege<\/td><td>Feuerwehr<\/td><\/tr><tr><td>26.10.2026<\/td><td>19:30<\/td><td>Fahrzeug- und Ger\u00e4tekunde<\/td><td>Henrich<\/td><\/tr><tr><td>07.11.2026<\/td><td>15:30<\/td><td>Absperren Martinsumzug<\/td><td>Feuerwehr<\/td><\/tr><tr><td>09.11.2026<\/td><td>19:30<\/td><td>Rechtsgrundlagen<\/td><td>Doll<\/td><\/tr><tr><td>23.11.2026<\/td><td>19:30<\/td><td>Theorieunterricht durch ein Mannschaftsmitglied <\/td><td>Feuerwehr<\/td><\/tr><tr><td>07.12.2026<\/td><td>19:30<\/td><td>Theorieunterricht durch ein Mannschaftsmitglied<\/td><td>Feuerwehr<\/td><\/tr><tr><td>21.12.2026<\/td><td>19:30<\/td><td>\u00dcberpr\u00fcfung der Ger\u00e4tschaften<\/td><td>Henrich<\/td><\/tr><\/tbody><\/table><\/figure>\n\n\n\n<div class=\"wp-block-file\"><a id=\"wp-block-file--media-39a76647-9bf3-448b-b587-749c3e7076e2\" href=\"https:\/\/www.feuerwehr-grossfischlingen.de\/wp-content\/uploads\/2026\/01\/Dienstplan-2026.pdf\">Dienstplan 2026<\/a><a href=\"https:\/\/www.feuerwehr-grossfischlingen.de\/wp-content\/uploads\/2026\/01\/Dienstplan-2026.pdf\" class=\"wp-block-file__button wp-element-button\" download aria-describedby=\"wp-block-file--media-39a76647-9bf3-448b-b587-749c3e7076e2\">Herunterladen<\/a><\/div>\n","protected":false},"excerpt":{"rendered":"<p>Hier finden Sie unseren \u00dcbungsplan f\u00fcr dieses Jahr: Datum Uhrzeit Thema Verantwortlicher 19.01.2026 19:30 Gefahren an der Einsatzstelle Doll 02.02.2026 19:30 Funk\u00fcbung Henrich 16.02.2026 19:30 Knoten und Stiche Doll 02.03.2026 &#8230;<\/p>\n","protected":false},"author":1,"featured_media":1594,"parent":0,"menu_order":0,"comment_status":"closed","ping_status":"closed","template":"","meta":{"footnotes":""},"class_list":["post-1457","page","type-page","status-publish","has-post-thumbnail","hentry"],"_links":{"self":[{"href":"https:\/\/www.feuerwehr-grossfischlingen.de\/index.php?rest_route=\/wp\/v2\/pages\/1457","targetHints":{"allow":["GET"]}}],"collection":[{"href":"https:\/\/www.feuerwehr-grossfischlingen.de\/index.php?rest_route=\/wp\/v2\/pages"}],"about":[{"href":"https:\/\/www.feuerwehr-grossfischlingen.de\/index.php?rest_route=\/wp\/v2\/types\/page"}],"author":[{"embeddable":true,"href":"https:\/\/www.feuerwehr-grossfischlingen.de\/index.php?rest_route=\/wp\/v2\/users\/1"}],"replies":[{"embeddable":true,"href":"https:\/\/www.feuerwehr-grossfischlingen.de\/index.php?rest_route=%2Fwp%2Fv2%2Fcomments&post=1457"}],"version-history":[{"count":2,"href":"https:\/\/www.feuerwehr-grossfischlingen.de\/index.php?rest_route=\/wp\/v2\/pages\/1457\/revisions"}],"predecessor-version":[{"id":1686,"href":"https:\/\/www.feuerwehr-grossfischlingen.de\/index.php?rest_route=\/wp\/v2\/pages\/1457\/revisions\/1686"}],"wp:featuredmedia":[{"embeddable":true,"href":"https:\/\/www.feuerwehr-grossfischlingen.de\/index.php?rest_route=\/wp\/v2\/media\/1594"}],"wp:attachment":[{"href":"https:\/\/www.feuerwehr-grossfischlingen.de\/index.php?rest_route=%2Fwp%2Fv2%2Fmedia&parent=1457"}],"curies":[{"name":"wp","href":"https:\/\/api.w.org\/{rel}","templated":true}]}}