{"id":1471,"date":"2019-11-18T21:08:40","date_gmt":"2019-11-18T20:08:40","guid":{"rendered":"http:\/\/www.feuerwehr-grossfischlingen.de\/?page_id=1471"},"modified":"2020-03-03T21:46:26","modified_gmt":"2020-03-03T20:46:26","slug":"bambini-feuerwehr","status":"publish","type":"page","link":"https:\/\/www.feuerwehr-grossfischlingen.de\/?page_id=1471","title":{"rendered":"Bambini-Feuerwehr"},"content":{"rendered":"\n<p> Im Jahre 2016 wurde die Bambini-Feuerwehr Fischlingen zusammen mit der Feuerwehr Kleinfischlingen gegr\u00fcndet. Seitdem freuen wir uns \u00fcber eine stetige und rege Teilnahme der Kinder aus Gro\u00df- und Kleinfischlingen an den \u00dcbungen. Es wird gemeinsam gebastelt, gespielt, die Natur ergr\u00fcndet und &#8211; nat\u00fcrlich &#8211; auch mit Wasser gespritzt. <\/p>\n\n\n\n<p>Du bist zwischen 6 und 10 Jahre alt und m\u00f6chtest bei unserer Bambini-Feuerwehr mitmachen? Den \u00dcbungsplan <em>[Link kommt noch]<\/em> der Bambini findest du hier, bitte melde dich vorher bei Daniel K\u00f6bler, Gro\u00dffischlingen, Tel: 0176 &#8211; 82147842 an. <\/p>\n","protected":false},"excerpt":{"rendered":"<p>Im Jahre 2016 wurde die Bambini-Feuerwehr Fischlingen zusammen mit der Feuerwehr Kleinfischlingen gegr\u00fcndet. Seitdem freuen wir uns \u00fcber eine stetige und rege Teilnahme der Kinder aus Gro\u00df- und Kleinfischlingen an &#8230;<\/p>\n","protected":false},"author":1,"featured_media":1591,"parent":0,"menu_order":0,"comment_status":"closed","ping_status":"closed","template":"","meta":{"footnotes":""},"class_list":["post-1471","page","type-page","status-publish","has-post-thumbnail","hentry"],"_links":{"self":[{"href":"https:\/\/www.feuerwehr-grossfischlingen.de\/index.php?rest_route=\/wp\/v2\/pages\/1471","targetHints":{"allow":["GET"]}}],"collection":[{"href":"https:\/\/www.feuerwehr-grossfischlingen.de\/index.php?rest_route=\/wp\/v2\/pages"}],"about":[{"href":"https:\/\/www.feuerwehr-grossfischlingen.de\/index.php?rest_route=\/wp\/v2\/types\/page"}],"author":[{"embeddable":true,"href":"https:\/\/www.feuerwehr-grossfischlingen.de\/index.php?rest_route=\/wp\/v2\/users\/1"}],"replies":[{"embeddable":true,"href":"https:\/\/www.feuerwehr-grossfischlingen.de\/index.php?rest_route=%2Fwp%2Fv2%2Fcomments&post=1471"}],"version-history":[{"count":0,"href":"https:\/\/www.feuerwehr-grossfischlingen.de\/index.php?rest_route=\/wp\/v2\/pages\/1471\/revisions"}],"wp:featuredmedia":[{"embeddable":true,"href":"https:\/\/www.feuerwehr-grossfischlingen.de\/index.php?rest_route=\/wp\/v2\/media\/1591"}],"wp:attachment":[{"href":"https:\/\/www.feuerwehr-grossfischlingen.de\/index.php?rest_route=%2Fwp%2Fv2%2Fmedia&parent=1471"}],"curies":[{"name":"wp","href":"https:\/\/api.w.org\/{rel}","templated":true}]}}