{"id":1481,"date":"2019-11-18T21:35:46","date_gmt":"2019-11-18T20:35:46","guid":{"rendered":"http:\/\/www.feuerwehr-grossfischlingen.de\/?page_id=1481"},"modified":"2020-06-27T11:18:46","modified_gmt":"2020-06-27T09:18:46","slug":"foerderverein","status":"publish","type":"page","link":"https:\/\/www.feuerwehr-grossfischlingen.de\/?page_id=1481","title":{"rendered":"F\u00f6rderverein"},"content":{"rendered":"\n<p> Der Feuerwehrpflegef\u00f6rderverein wurde 2006 gegr\u00fcndet um die  \u00f6rtliche Feuerwehr finanziell zu unterst\u00fctzen. Bei der  Mitgliederversammlung im Fr\u00fchjahr 2019 hat Wolfgang Trauth den  langj\u00e4hrigen Vorstandsvorsitz abgegeben. Als neuen 1. Vorsitzender wurde  Andy Trauth gew\u00e4hlt, als 2. Vorsitzender Tobias Doll.<\/p>\n\n\n\n<p>Neben zus\u00e4tzlichen Anschaffungen \u00fcber der Normbeladung hinaus (z.B.  unseren Hicafs Schauml\u00f6scher, mobile Einsatzstellenbeleuchtung,  Helmlampen) sorgen wir auch daf\u00fcr, dass sich die aktive Mannschafft nach  den \u00dcbungen z.B. mit Essen und Getr\u00e4nken st\u00e4rken k\u00f6nnen, um beim  gemeinsamen Beisammensein die Gemeinschaft und den Teamgeist zu f\u00f6rdern.  Dar\u00fcber hinaus beteiligt sich der Feuerwehrpflegef\u00f6rderverein bei der  Ausrichtung der Weinkerwe in Gro\u00dffischlingen und an der Organisation des  St. Martins-Umzugs.<\/p>\n\n\n\n<p>Du m\u00f6chtest uns \u00fcber den Feuerwehrpflegef\u00f6rderverein unterst\u00fctzen?  Hier findest du unser Anmeldeformular und unsere Vereinssatzung. Einfach  ausf\u00fcllen und bei unserem Wehrf\u00fchrer Tobias Doll, Gartenstra\u00dfe 34,  67483 Gro\u00dffischlingen abgeben oder einwerfen.<\/p>\n\n\n\n<div class=\"wp-block-file\"><a href=\"http:\/\/www.feuerwehr-grossfischlingen.de\/wp-content\/uploads\/2020\/06\/2020_FFW_Mitgliedsantrag_Datenschutz_Formular.pdf\">Download: Mitgliedsantrag F\u00f6rderverein<\/a><a href=\"http:\/\/www.feuerwehr-grossfischlingen.de\/wp-content\/uploads\/2020\/06\/2020_FFW_Mitgliedsantrag_Datenschutz_Formular.pdf\" class=\"wp-block-file__button\" download>Herunterladen<\/a><\/div>\n\n\n\n<div class=\"wp-block-file\"><a href=\"http:\/\/www.feuerwehr-grossfischlingen.de\/wp-content\/uploads\/2020\/01\/Satzung_des_FWV_Gro\u00dffischlingen.pdf\">Download: Satzung des FWV Gro\u00dffischlingen<\/a><a href=\"http:\/\/www.feuerwehr-grossfischlingen.de\/wp-content\/uploads\/2020\/01\/Satzung_des_FWV_Gro\u00dffischlingen.pdf\" class=\"wp-block-file__button\" download>Herunterladen<\/a><\/div>\n","protected":false},"excerpt":{"rendered":"<p>Der Feuerwehrpflegef\u00f6rderverein wurde 2006 gegr\u00fcndet um die \u00f6rtliche Feuerwehr finanziell zu unterst\u00fctzen. Bei der Mitgliederversammlung im Fr\u00fchjahr 2019 hat Wolfgang Trauth den langj\u00e4hrigen Vorstandsvorsitz abgegeben. Als neuen 1. Vorsitzender wurde &#8230;<\/p>\n","protected":false},"author":1,"featured_media":0,"parent":0,"menu_order":0,"comment_status":"closed","ping_status":"closed","template":"","meta":{"footnotes":""},"class_list":["post-1481","page","type-page","status-publish","hentry"],"_links":{"self":[{"href":"https:\/\/www.feuerwehr-grossfischlingen.de\/index.php?rest_route=\/wp\/v2\/pages\/1481","targetHints":{"allow":["GET"]}}],"collection":[{"href":"https:\/\/www.feuerwehr-grossfischlingen.de\/index.php?rest_route=\/wp\/v2\/pages"}],"about":[{"href":"https:\/\/www.feuerwehr-grossfischlingen.de\/index.php?rest_route=\/wp\/v2\/types\/page"}],"author":[{"embeddable":true,"href":"https:\/\/www.feuerwehr-grossfischlingen.de\/index.php?rest_route=\/wp\/v2\/users\/1"}],"replies":[{"embeddable":true,"href":"https:\/\/www.feuerwehr-grossfischlingen.de\/index.php?rest_route=%2Fwp%2Fv2%2Fcomments&post=1481"}],"version-history":[{"count":0,"href":"https:\/\/www.feuerwehr-grossfischlingen.de\/index.php?rest_route=\/wp\/v2\/pages\/1481\/revisions"}],"wp:attachment":[{"href":"https:\/\/www.feuerwehr-grossfischlingen.de\/index.php?rest_route=%2Fwp%2Fv2%2Fmedia&parent=1481"}],"curies":[{"name":"wp","href":"https:\/\/api.w.org\/{rel}","templated":true}]}}